{"id":2224,"date":"2025-09-08T18:07:25","date_gmt":"2025-09-08T16:07:25","guid":{"rendered":"http:\/\/ficlima.vl27722.dinaserver.com\/transparency\/"},"modified":"2025-09-10T15:59:18","modified_gmt":"2025-09-10T13:59:18","slug":"transparency","status":"publish","type":"page","link":"https:\/\/ficlima.org\/en\/transparency\/","title":{"rendered":"Transparency"},"content":{"rendered":"\r\n<section  class=\"block-hero alignfull relative\">\r\n\t\t\t\r\n\t<div class=\"relative z-10 bg-secondary-500 bg-opacity-20\" >\r\n\t\t<div class=\"container  min-h-110 lg:min-h-176 py-24 flex flex-col justify-end\" data-aos=\"fade\" data-aos-delay=\"300\">\r\n\r\n\t\t\t<h1 class=\"mainslider__title m-0 text-center text-2xl lg:text-4xl font-light text-center mb-4 lg:mb-10 text-white\">Transparency<\/h1>            \r\n\t\t<\/div>\r\n\t<\/div>\r\n\r\n            <picture>\r\n            <source media=\"(max-width: 600px)\" srcset=\"https:\/\/ficlima.org\/wp-content\/uploads\/2025\/09\/beatriz-perez-moya-XN4T2PVUUgk-unsplash-scaled-1.jpg\">\r\n            <source media=\"(min-width: 1024px)\" srcset=\"https:\/\/ficlima.org\/wp-content\/uploads\/2025\/09\/beatriz-perez-moya-XN4T2PVUUgk-unsplash-scaled-1.jpg\">\r\n            <img decoding=\"async\" \r\n                src=\"https:\/\/ficlima.org\/wp-content\/uploads\/2025\/09\/beatriz-perez-moya-XN4T2PVUUgk-unsplash-scaled-1.jpg\" \r\n                data-src=\"https:\/\/ficlima.org\/wp-content\/uploads\/2025\/09\/beatriz-perez-moya-XN4T2PVUUgk-unsplash-scaled-1.jpg\" \r\n                class=\"w-full h-full absolute object-cover inset-0 z-0\" \r\n                alt=\"\" \r\n                loading=\"eager\" \r\n                fetchpriority=\"high\"\r\n            >\r\n        <\/picture>\r\n    \r\n<\/section>\r\n\n\n\n<h3 class=\"wp-block-heading\">Institutional information<\/h3>\n\n\n\n<p>The Foundation for Climate Research is a private non-profit organization established on April 27, 1999, by public deed number 911, executed before the Notary of Madrid Mr. Ra\u00fal Gonz\u00e1lez P\u00e9rez, and registered in the Registry of Foundations of state competence by Ministerial Order of May 25, 2009, with the assigned registration number 72. The registration entails the general interest of its purposes. <\/p>\n\n\n\n<p>The governing body is the Board of Trustees, whose positions, in accordance with the provisions of art. 15.4 of Law 50\/2002, on Foundations, are free of charge, and is composed of the following members: President, Jaime Ribalaygua Batalla; Secretary, Beatriz Sanz Bustamante; and Member, Marcos S\u00e1nchez Provencio.<\/p>\n\n\n\n<p>The territorial scope to which it is circumscribed is the entire national territory, being its purposes:<\/p>\n\n\n\n<p>a) The protection of the environment with special attention to the problem of climate change.<\/p>\n\n\n\n<p>b) Deepen and broaden scientific knowledge on the functioning and predictability of the climate system and its relations with natural and socioeconomic systems.<\/p>\n\n\n\n<p>c) To deepen and broaden scientific knowledge on issues related to the environment in general.<\/p>\n\n\n\n<p>d) To deepen the knowledge and study of urban structures and their evolution over time in relation to urban and territorial planning strategies, with special attention to aspects linked to climate, meteorology and environment.<\/p>\n\n\n\n<p>e) To elaborate, promote, execute and participate in activities, programs and projects of cooperation for development, especially those related to climate, meteorology and the environment.<\/p>\n\n\n\n<p>f) To disseminate this knowledge in order to contribute to the achievement of an increasingly responsible and conscious society in its relations with nature.<\/p>\n\n\n\n<p>g) Encourage and facilitate the research activities of third parties in the aforementioned areas of knowledge, making the research capacity of the Foundation available to them for the development of their own projects and objectives. Public or private entities may access the services of the Foundation, free of charge or in exchange for economic consideration, benefiting from its infrastructure and experience in research for the best achievement of its objectives, provided that the scientific interest of the same justifies it, at the discretion of the Foundation. <\/p>\n\n\n\n<p>In compliance with Law 50\/2002 of December 26, 2002, on Foundations, the Foundation for Climate Research submits its activity to annual control by filing its annual accounts and action plans.<\/p>\n\n\n\n<h2 class=\"wp-block-heading\">Financial information<\/h2>\n\n\n\n<p>In the button below you will be able to access, by downloading a PDF document, all the categorized information regarding the justification of the CIF&#8217;s economic activity as required by Law 50\/2002.<\/p>\n\n\n\n<p>Thus, this document contains all information related to FIC&#8217;s economic activities, including:<\/p>\n\n\n\n<p>All contracts, with an indication of the object, duration, bidding and award amount and their modifications.<\/p>\n\n\n\n<p>List of the agreements signed with the Public Administration, mentioning the signatory parties, their purpose, term, modifications made, the parties obliged to provide the services and, if applicable, the economic obligations agreed upon.<br>In the case of public subsidies, the subsidies and public aid granted, indicating their amount, purpose or objective and beneficiaries.<\/p>\n\n\n\n<div class=\"wp-block-buttons has-white-background-color has-background is-layout-flex wp-block-buttons-is-layout-flex\">\n<div class=\"wp-block-button\"><a class=\"wp-block-button__link has-secondary-background-color has-background wp-element-button\" href=\"http:\/\/chrome-extension:\/\/efaidnbmnnnibpcajpcglclefindmkaj\/https:\/\/www.ficlima.org\/wp-content\/uploads\/2025\/05\/Transparencia-FIC_2-1.pdf\">PDF<\/a><\/div>\n<\/div>\n\n\n\n<p><\/p>\n","protected":false},"excerpt":{"rendered":"<p>Institutional information The Foundation for Climate Research is a private non-profit organization established on April 27, 1999, by public deed number 911, executed before the Notary of Madrid Mr. Ra\u00fal Gonz\u00e1lez P\u00e9rez, and registered in the Registry of Foundations of state competence by Ministerial Order of May 25, 2009, with the assigned registration number 72. [&hellip;]<\/p>\n","protected":false},"author":2,"featured_media":2225,"parent":0,"menu_order":0,"comment_status":"closed","ping_status":"closed","template":"","meta":{"_acf_changed":false,"footnotes":""},"class_list":["post-2224","page","type-page","status-publish","has-post-thumbnail","hentry"],"acf":[],"_links":{"self":[{"href":"https:\/\/ficlima.org\/en\/wp-json\/wp\/v2\/pages\/2224","targetHints":{"allow":["GET"]}}],"collection":[{"href":"https:\/\/ficlima.org\/en\/wp-json\/wp\/v2\/pages"}],"about":[{"href":"https:\/\/ficlima.org\/en\/wp-json\/wp\/v2\/types\/page"}],"author":[{"embeddable":true,"href":"https:\/\/ficlima.org\/en\/wp-json\/wp\/v2\/users\/2"}],"replies":[{"embeddable":true,"href":"https:\/\/ficlima.org\/en\/wp-json\/wp\/v2\/comments?post=2224"}],"version-history":[{"count":2,"href":"https:\/\/ficlima.org\/en\/wp-json\/wp\/v2\/pages\/2224\/revisions"}],"predecessor-version":[{"id":2331,"href":"https:\/\/ficlima.org\/en\/wp-json\/wp\/v2\/pages\/2224\/revisions\/2331"}],"wp:featuredmedia":[{"embeddable":true,"href":"https:\/\/ficlima.org\/en\/wp-json\/wp\/v2\/media\/2225"}],"wp:attachment":[{"href":"https:\/\/ficlima.org\/en\/wp-json\/wp\/v2\/media?parent=2224"}],"curies":[{"name":"wp","href":"https:\/\/api.w.org\/{rel}","templated":true}]}}